{"id":1480,"date":"2022-05-14T14:50:28","date_gmt":"2022-05-14T10:50:28","guid":{"rendered":"https:\/\/akfa.upturnlab.com\/?page_id=1480"},"modified":"2022-11-01T15:53:09","modified_gmt":"2022-11-01T11:53:09","slug":"socar-turkiy%c9%99","status":"publish","type":"page","link":"https:\/\/akfaelektrik.az\/en\/projects\/socar-turkiy%c9%99\/","title":{"rendered":"\u201cSocar\u201d T\u00fcrkiy\u0259"},"content":{"rendered":"<div data-elementor-type=\"wp-page\" data-elementor-id=\"1480\" class=\"elementor elementor-1480\">\n\t\t\t\t\t\t<section class=\"elementor-section elementor-top-section elementor-element elementor-element-219ce32 elementor-section-boxed elementor-section-height-default elementor-section-height-default\" data-id=\"219ce32\" data-element_type=\"section\">\n\t\t\t\t\t\t<div class=\"elementor-container elementor-column-gap-default\">\n\t\t\t\t\t<div class=\"elementor-column elementor-col-50 elementor-top-column elementor-element elementor-element-99c6ebf\" data-id=\"99c6ebf\" data-element_type=\"column\">\n\t\t\t<div class=\"elementor-widget-wrap elementor-element-populated\">\n\t\t\t\t\t\t<div class=\"elementor-element elementor-element-81b3bf8 elementor-widget elementor-widget-text-editor\" data-id=\"81b3bf8\" data-element_type=\"widget\" data-widget_type=\"text-editor.default\">\n\t\t\t\t<div class=\"elementor-widget-container\">\n\t\t\t\t\t\t\t\t\t<h2><span style=\"color: #000000;\">\u201cSocar\u201d T\u00fcrkiy\u0259<\/span><\/h2><p><span style=\"color: #000000;\">Development of Asbuild Projects<\/span><\/p><p><span style=\"color: #000000;\">Lighting Installation<\/span><\/p><p><span style=\"color: #000000;\">Plug and UPS Installation<\/span><\/p><p><span style=\"color: #000000;\">Low Voltage Distribution and Tire Installation<\/span><\/p><p><span style=\"color: #000000;\">Installation of 0.4 kV Main Distribution Panels<\/span><\/p><p><span style=\"color: #000000;\">Cable Carrier Systems<\/span><\/p><p><span style=\"color: #000000;\">Phone and Data System<\/span><\/p><p><span style=\"color: #000000;\">Structured Cabling Techniques<\/span><\/p><p><span style=\"color: #000000;\">Installation of Fire Detection and Warning System<\/span><\/p><p><span style=\"color: #000000;\">Audio and Audio Alarm System Installation<\/span><\/p><p><span style=\"color: #000000;\">Installation of Card Access and Control System<\/span><\/p><p><span style=\"color: #000000;\">Conference Systems<\/span><\/p>\t\t\t\t\t\t\t\t<\/div>\n\t\t\t\t<\/div>\n\t\t\t\t\t<\/div>\n\t\t<\/div>\n\t\t\t\t<div class=\"elementor-column elementor-col-50 elementor-top-column elementor-element elementor-element-a873c82\" data-id=\"a873c82\" data-element_type=\"column\">\n\t\t\t<div class=\"elementor-widget-wrap elementor-element-populated\">\n\t\t\t\t\t\t<div class=\"elementor-element elementor-element-b471b62 elementor-arrows-position-inside elementor-pagination-position-outside elementor-widget elementor-widget-image-carousel\" data-id=\"b471b62\" data-element_type=\"widget\" data-settings=\"{&quot;slides_to_show&quot;:&quot;1&quot;,&quot;navigation&quot;:&quot;both&quot;,&quot;autoplay&quot;:&quot;yes&quot;,&quot;pause_on_hover&quot;:&quot;yes&quot;,&quot;pause_on_interaction&quot;:&quot;yes&quot;,&quot;autoplay_speed&quot;:5000,&quot;infinite&quot;:&quot;yes&quot;,&quot;effect&quot;:&quot;slide&quot;,&quot;speed&quot;:500}\" data-widget_type=\"image-carousel.default\">\n\t\t\t\t<div class=\"elementor-widget-container\">\n\t\t\t\t\t\t\t<div class=\"elementor-image-carousel-wrapper swiper\" role=\"region\" aria-roledescription=\"carousel\" aria-label=\"Image Carousel\" dir=\"ltr\">\n\t\t\t<div class=\"elementor-image-carousel swiper-wrapper\" aria-live=\"off\">\n\t\t\t\t\t\t\t\t<div class=\"swiper-slide\" role=\"group\" aria-roledescription=\"slide\" aria-label=\"1 of 5\"><figure class=\"swiper-slide-inner\"><img decoding=\"async\" class=\"swiper-slide-image\" src=\"https:\/\/akfaelektrik.az\/wp-content\/uploads\/2022\/05\/ilk-1024x472.jpg\" alt=\"ilk\" \/><\/figure><\/div><div class=\"swiper-slide\" role=\"group\" aria-roledescription=\"slide\" aria-label=\"2 of 5\"><figure class=\"swiper-slide-inner\"><img decoding=\"async\" class=\"swiper-slide-image\" src=\"https:\/\/akfaelektrik.az\/wp-content\/uploads\/2022\/05\/2ci-1024x464.jpg\" alt=\"2ci\" \/><\/figure><\/div><div class=\"swiper-slide\" role=\"group\" aria-roledescription=\"slide\" aria-label=\"3 of 5\"><figure class=\"swiper-slide-inner\"><img decoding=\"async\" class=\"swiper-slide-image\" src=\"https:\/\/akfaelektrik.az\/wp-content\/uploads\/2022\/05\/SOCAR-13-1024x470.jpg\" alt=\"SOCAR 13\" \/><\/figure><\/div><div class=\"swiper-slide\" role=\"group\" aria-roledescription=\"slide\" aria-label=\"4 of 5\"><figure class=\"swiper-slide-inner\"><img decoding=\"async\" class=\"swiper-slide-image\" src=\"https:\/\/akfaelektrik.az\/wp-content\/uploads\/2022\/05\/SOCAR-15-1024x452.jpg\" alt=\"SOCAR 15\" \/><\/figure><\/div><div class=\"swiper-slide\" role=\"group\" aria-roledescription=\"slide\" aria-label=\"5 of 5\"><figure class=\"swiper-slide-inner\"><img decoding=\"async\" class=\"swiper-slide-image\" src=\"https:\/\/akfaelektrik.az\/wp-content\/uploads\/2022\/05\/socar12-1024x468.jpg\" alt=\"socar12\" \/><\/figure><\/div>\t\t\t<\/div>\n\t\t\t\t\t\t\t\t\t\t\t\t<div class=\"elementor-swiper-button elementor-swiper-button-prev\" role=\"button\" tabindex=\"0\">\n\t\t\t\t\t\t<i aria-hidden=\"true\" class=\"eicon-chevron-left\"><\/i>\t\t\t\t\t<\/div>\n\t\t\t\t\t<div class=\"elementor-swiper-button elementor-swiper-button-next\" role=\"button\" tabindex=\"0\">\n\t\t\t\t\t\t<i aria-hidden=\"true\" class=\"eicon-chevron-right\"><\/i>\t\t\t\t\t<\/div>\n\t\t\t\t\n\t\t\t\t\t\t\t\t\t<div class=\"swiper-pagination\"><\/div>\n\t\t\t\t\t\t\t\t\t<\/div>\n\t\t\t\t\t\t<\/div>\n\t\t\t\t<\/div>\n\t\t\t\t\t<\/div>\n\t\t<\/div>\n\t\t\t\t\t<\/div>\n\t\t<\/section>\n\t\t\t\t<section class=\"elementor-section elementor-top-section elementor-element elementor-element-6d9d0da elementor-section-boxed elementor-section-height-default elementor-section-height-default\" data-id=\"6d9d0da\" data-element_type=\"section\">\n\t\t\t\t\t\t<div class=\"elementor-container elementor-column-gap-default\">\n\t\t\t\t\t<div class=\"elementor-column elementor-col-100 elementor-top-column elementor-element elementor-element-5e89d9c\" data-id=\"5e89d9c\" data-element_type=\"column\">\n\t\t\t<div class=\"elementor-widget-wrap elementor-element-populated\">\n\t\t\t\t\t\t<div class=\"elementor-element elementor-element-4fa7def elementor-widget elementor-widget-video\" data-id=\"4fa7def\" data-element_type=\"widget\" data-settings=\"{&quot;video_type&quot;:&quot;hosted&quot;,&quot;controls&quot;:&quot;yes&quot;}\" data-widget_type=\"video.default\">\n\t\t\t\t<div class=\"elementor-widget-container\">\n\t\t\t\t\t\t\t<div class=\"e-hosted-video elementor-wrapper elementor-open-inline\">\n\t\t\t\t\t<video class=\"elementor-video\" src=\"https:\/\/www.akfaelektrik.az\/wp-content\/uploads\/2022\/11\/202210311534.mp4\" controls=\"\" preload=\"metadata\" controlslist=\"nodownload\"><\/video>\n\t\t\t\t<\/div>\n\t\t\t\t\t\t<\/div>\n\t\t\t\t<\/div>\n\t\t\t\t\t<\/div>\n\t\t<\/div>\n\t\t\t\t\t<\/div>\n\t\t<\/section>\n\t\t\t\t<\/div>","protected":false},"excerpt":{"rendered":"<p>&#8220;Socar&#8221; T\u00fcrkiy\u0259 Asbuild Layih\u0259l\u0259rinin Haz\u0131rlanmas\u0131 \u0130\u015f\u0131qland\u0131rma Qura\u015fd\u0131r\u0131lmas\u0131 Priz ve UPS Qura\u015fd\u0131r\u0131lmas\u0131 A\u015fa\u011f\u0131 G\u0259rginliyin Paylanmas\u0131 v\u0259 \u015einl\u0259rin Qura\u015fd\u0131r\u0131lmas\u0131 0,4 kV-lik \u018fsas Paylay\u0131c\u0131 Panell\u0259rin qura\u015fd\u0131r\u0131lmas\u0131 Kabel Da\u015f\u0131y\u0131c\u0131 Sisteml\u0259ri Telefon v\u0259 Data Sistemi Strukturla\u015fd\u0131r\u0131lm\u0131\u015f Kabell\u0259m\u0259 Texnikas\u0131 Yan\u011f\u0131n A\u015fkarlama v\u0259 X\u0259b\u0259rdarl\u0131q Sisteminin Qura\u015fd\u0131r\u0131lmas\u0131 Audio v\u0259 S\u0259sli Siqnal Sisteminin Qura\u015fd\u0131r\u0131lmas\u0131 Kartla Giri\u015f v\u0259 N\u0259zar\u0259t Sisteminin Qura\u015fd\u0131r\u0131lmas\u0131 Konfrans Sisteml\u0259ri Previous Next [&hellip;]<\/p>","protected":false},"author":1,"featured_media":0,"parent":162,"menu_order":0,"comment_status":"closed","ping_status":"closed","template":"","meta":{"site-sidebar-layout":"no-sidebar","site-content-layout":"page-builder","ast-site-content-layout":"","site-content-style":"default","site-sidebar-style":"default","ast-global-header-display":"","ast-banner-title-visibility":"","ast-main-header-display":"","ast-hfb-above-header-display":"","ast-hfb-below-header-display":"","ast-hfb-mobile-header-display":"","site-post-title":"disabled","ast-breadcrumbs-content":"","ast-featured-img":"disabled","footer-sml-layout":"","theme-transparent-header-meta":"default","adv-header-id-meta":"","stick-header-meta":"","header-above-stick-meta":"","header-main-stick-meta":"","header-below-stick-meta":"","astra-migrate-meta-layouts":"default","ast-page-background-enabled":"default","ast-page-background-meta":{"desktop":{"background-color":"","background-image":"","background-repeat":"repeat","background-position":"center center","background-size":"auto","background-attachment":"scroll","background-type":"","background-media":"","overlay-type":"","overlay-color":"","overlay-opacity":"","overlay-gradient":""},"tablet":{"background-color":"","background-image":"","background-repeat":"repeat","background-position":"center center","background-size":"auto","background-attachment":"scroll","background-type":"","background-media":"","overlay-type":"","overlay-color":"","overlay-opacity":"","overlay-gradient":""},"mobile":{"background-color":"","background-image":"","background-repeat":"repeat","background-position":"center center","background-size":"auto","background-attachment":"scroll","background-type":"","background-media":"","overlay-type":"","overlay-color":"","overlay-opacity":"","overlay-gradient":""}},"ast-content-background-meta":{"desktop":{"background-color":"var(--ast-global-color-5)","background-image":"","background-repeat":"repeat","background-position":"center center","background-size":"auto","background-attachment":"scroll","background-type":"","background-media":"","overlay-type":"","overlay-color":"","overlay-opacity":"","overlay-gradient":""},"tablet":{"background-color":"var(--ast-global-color-5)","background-image":"","background-repeat":"repeat","background-position":"center center","background-size":"auto","background-attachment":"scroll","background-type":"","background-media":"","overlay-type":"","overlay-color":"","overlay-opacity":"","overlay-gradient":""},"mobile":{"background-color":"var(--ast-global-color-5)","background-image":"","background-repeat":"repeat","background-position":"center center","background-size":"auto","background-attachment":"scroll","background-type":"","background-media":"","overlay-type":"","overlay-color":"","overlay-opacity":"","overlay-gradient":""}},"footnotes":""},"class_list":["post-1480","page","type-page","status-publish","hentry"],"_links":{"self":[{"href":"https:\/\/akfaelektrik.az\/en\/wp-json\/wp\/v2\/pages\/1480","targetHints":{"allow":["GET"]}}],"collection":[{"href":"https:\/\/akfaelektrik.az\/en\/wp-json\/wp\/v2\/pages"}],"about":[{"href":"https:\/\/akfaelektrik.az\/en\/wp-json\/wp\/v2\/types\/page"}],"author":[{"embeddable":true,"href":"https:\/\/akfaelektrik.az\/en\/wp-json\/wp\/v2\/users\/1"}],"replies":[{"embeddable":true,"href":"https:\/\/akfaelektrik.az\/en\/wp-json\/wp\/v2\/comments?post=1480"}],"version-history":[{"count":40,"href":"https:\/\/akfaelektrik.az\/en\/wp-json\/wp\/v2\/pages\/1480\/revisions"}],"predecessor-version":[{"id":2213,"href":"https:\/\/akfaelektrik.az\/en\/wp-json\/wp\/v2\/pages\/1480\/revisions\/2213"}],"up":[{"embeddable":true,"href":"https:\/\/akfaelektrik.az\/en\/wp-json\/wp\/v2\/pages\/162"}],"wp:attachment":[{"href":"https:\/\/akfaelektrik.az\/en\/wp-json\/wp\/v2\/media?parent=1480"}],"curies":[{"name":"wp","href":"https:\/\/api.w.org\/{rel}","templated":true}]}}