{"id":1484,"date":"2022-05-14T14:51:12","date_gmt":"2022-05-14T10:51:12","guid":{"rendered":"https:\/\/akfa.upturnlab.com\/?page_id=1484"},"modified":"2022-05-18T14:13:07","modified_gmt":"2022-05-18T10:13:07","slug":"whsmith-cafe","status":"publish","type":"page","link":"https:\/\/akfaelektrik.az\/en\/projects\/whsmith-cafe\/","title":{"rendered":"WHSmith Cafe"},"content":{"rendered":"<div data-elementor-type=\"wp-page\" data-elementor-id=\"1484\" class=\"elementor elementor-1484\">\n\t\t\t\t\t\t<section class=\"elementor-section elementor-top-section elementor-element elementor-element-6a6ba734 elementor-section-boxed elementor-section-height-default elementor-section-height-default\" data-id=\"6a6ba734\" data-element_type=\"section\">\n\t\t\t\t\t\t<div class=\"elementor-container elementor-column-gap-default\">\n\t\t\t\t\t<div class=\"elementor-column elementor-col-50 elementor-top-column elementor-element elementor-element-3151f5df\" data-id=\"3151f5df\" data-element_type=\"column\">\n\t\t\t<div class=\"elementor-widget-wrap elementor-element-populated\">\n\t\t\t\t\t\t<div class=\"elementor-element elementor-element-55312f93 elementor-widget elementor-widget-text-editor\" data-id=\"55312f93\" data-element_type=\"widget\" data-widget_type=\"text-editor.default\">\n\t\t\t\t<div class=\"elementor-widget-container\">\n\t\t\t\t\t\t\t\t\t<h2><span style=\"color: #000000;\">WHSmith Caf\u00e9<\/span><\/h2><p><span style=\"color: #000000;\">Preparation of Installation Projects<\/span><\/p><p><span style=\"color: #000000;\">Lighting and Socket Installation<\/span><\/p><p><span style=\"color: #000000;\">Cable Carrier Systems<\/span><\/p><p><span style=\"color: #000000;\">Installation of 0.4 kV Main Distribution Panels<\/span><\/p><p><span style=\"color: #000000;\">Low Voltage Distributor Installation<\/span><\/p><p><span style=\"color: #000000;\">Grounding System<\/span><\/p><p><span style=\"color: #000000;\">Ups and Generator Installation<\/span><\/p><p><span style=\"color: #000000;\">Installation of Telephone and Data Systems<\/span><\/p><p><span style=\"color: #000000;\">Installation of Fire Detection and Warning Systems<\/span><\/p><p><span style=\"color: #000000;\">Installation of CCTV Systems<\/span><\/p><p><span style=\"color: #000000;\">Audio and Audio Alarm Settings<\/span><\/p><p><span style=\"color: #000000;\">Installation of Access Control and Monitoring Systems<\/span><\/p>\t\t\t\t\t\t\t\t<\/div>\n\t\t\t\t<\/div>\n\t\t\t\t\t<\/div>\n\t\t<\/div>\n\t\t\t\t<div class=\"elementor-column elementor-col-50 elementor-top-column elementor-element elementor-element-318f39ce\" data-id=\"318f39ce\" data-element_type=\"column\">\n\t\t\t<div class=\"elementor-widget-wrap elementor-element-populated\">\n\t\t\t\t\t\t<div class=\"elementor-element elementor-element-51c3ca22 elementor-arrows-position-inside elementor-pagination-position-outside elementor-widget elementor-widget-image-carousel\" data-id=\"51c3ca22\" data-element_type=\"widget\" data-settings=\"{&quot;slides_to_show&quot;:&quot;1&quot;,&quot;navigation&quot;:&quot;both&quot;,&quot;autoplay&quot;:&quot;yes&quot;,&quot;pause_on_hover&quot;:&quot;yes&quot;,&quot;pause_on_interaction&quot;:&quot;yes&quot;,&quot;autoplay_speed&quot;:5000,&quot;infinite&quot;:&quot;yes&quot;,&quot;effect&quot;:&quot;slide&quot;,&quot;speed&quot;:500}\" data-widget_type=\"image-carousel.default\">\n\t\t\t\t<div class=\"elementor-widget-container\">\n\t\t\t\t\t\t\t<div class=\"elementor-image-carousel-wrapper swiper\" role=\"region\" aria-roledescription=\"carousel\" aria-label=\"Image Carousel\" dir=\"ltr\">\n\t\t\t<div class=\"elementor-image-carousel swiper-wrapper\" aria-live=\"off\">\n\t\t\t\t\t\t\t\t<div class=\"swiper-slide\" role=\"group\" aria-roledescription=\"slide\" aria-label=\"1 of 3\"><figure class=\"swiper-slide-inner\"><img decoding=\"async\" class=\"swiper-slide-image\" src=\"https:\/\/akfaelektrik.az\/wp-content\/uploads\/2022\/05\/1-2.jpg\" alt=\"1\" \/><\/figure><\/div><div class=\"swiper-slide\" role=\"group\" aria-roledescription=\"slide\" aria-label=\"2 of 3\"><figure class=\"swiper-slide-inner\"><img decoding=\"async\" class=\"swiper-slide-image\" src=\"https:\/\/akfaelektrik.az\/wp-content\/uploads\/2022\/05\/4-2.jpg\" alt=\"4\" \/><\/figure><\/div><div class=\"swiper-slide\" role=\"group\" aria-roledescription=\"slide\" aria-label=\"3 of 3\"><figure class=\"swiper-slide-inner\"><img decoding=\"async\" class=\"swiper-slide-image\" src=\"https:\/\/akfaelektrik.az\/wp-content\/uploads\/2022\/05\/5.jpg\" alt=\"5\" \/><\/figure><\/div>\t\t\t<\/div>\n\t\t\t\t\t\t\t\t\t\t\t\t<div class=\"elementor-swiper-button elementor-swiper-button-prev\" role=\"button\" tabindex=\"0\">\n\t\t\t\t\t\t<i aria-hidden=\"true\" class=\"eicon-chevron-left\"><\/i>\t\t\t\t\t<\/div>\n\t\t\t\t\t<div class=\"elementor-swiper-button elementor-swiper-button-next\" role=\"button\" tabindex=\"0\">\n\t\t\t\t\t\t<i aria-hidden=\"true\" class=\"eicon-chevron-right\"><\/i>\t\t\t\t\t<\/div>\n\t\t\t\t\n\t\t\t\t\t\t\t\t\t<div class=\"swiper-pagination\"><\/div>\n\t\t\t\t\t\t\t\t\t<\/div>\n\t\t\t\t\t\t<\/div>\n\t\t\t\t<\/div>\n\t\t\t\t\t<\/div>\n\t\t<\/div>\n\t\t\t\t\t<\/div>\n\t\t<\/section>\n\t\t\t\t<\/div>","protected":false},"excerpt":{"rendered":"<p>WHSmith Caf\u00e9 Qura\u015fd\u0131rma Layih\u0259l\u0259rinin Haz\u0131rlanmas\u0131 \u0130\u015f\u0131qland\u0131rma v\u0259 Rozetkalar\u0131n Qura\u015fd\u0131r\u0131lmas\u0131 Kabel Da\u015f\u0131y\u0131c\u0131 Sisteml\u0259ri 0,4 kV-lik \u018fsas Paylay\u0131c\u0131 Panell\u0259rin Qura\u015fd\u0131r\u0131lmas\u0131 A\u015fa\u011f\u0131 G\u0259rginlikli Paylay\u0131c\u0131 Qura\u015fd\u0131rma Torpaqlama Sistemi Ups v\u0259 Generator QUra\u015fd\u0131r\u0131lmas\u0131 Telefon v\u0259 Data Sisteml\u0259rinin Qura\u015fd\u0131r\u0131lmas\u0131 Yan\u011f\u0131n A\u015fkarlama v\u0259 X\u0259b\u0259rdarl\u0131q Sisteml\u0259rinin Qura\u015fd\u0131r\u0131lmas\u0131 CCTV Sisteml\u0259rinin Qura\u015fd\u0131r\u0131lmas\u0131 Audio v\u0259 S\u0259sli Siqnal Qura\u015fd\u0131rmalar\u0131 Giri\u015f\u0259 N\u0259zar\u0259t v\u0259 N\u0259zar\u0259t Sisteml\u0259rinin Qura\u015fd\u0131r\u0131lmas\u0131 Previous Next<\/p>","protected":false},"author":1,"featured_media":0,"parent":162,"menu_order":0,"comment_status":"closed","ping_status":"closed","template":"","meta":{"site-sidebar-layout":"no-sidebar","site-content-layout":"page-builder","ast-site-content-layout":"","site-content-style":"default","site-sidebar-style":"default","ast-global-header-display":"","ast-banner-title-visibility":"","ast-main-header-display":"","ast-hfb-above-header-display":"","ast-hfb-below-header-display":"","ast-hfb-mobile-header-display":"","site-post-title":"disabled","ast-breadcrumbs-content":"","ast-featured-img":"disabled","footer-sml-layout":"","theme-transparent-header-meta":"default","adv-header-id-meta":"","stick-header-meta":"","header-above-stick-meta":"","header-main-stick-meta":"","header-below-stick-meta":"","astra-migrate-meta-layouts":"default","ast-page-background-enabled":"default","ast-page-background-meta":{"desktop":{"background-color":"","background-image":"","background-repeat":"repeat","background-position":"center center","background-size":"auto","background-attachment":"scroll","background-type":"","background-media":"","overlay-type":"","overlay-color":"","overlay-opacity":"","overlay-gradient":""},"tablet":{"background-color":"","background-image":"","background-repeat":"repeat","background-position":"center center","background-size":"auto","background-attachment":"scroll","background-type":"","background-media":"","overlay-type":"","overlay-color":"","overlay-opacity":"","overlay-gradient":""},"mobile":{"background-color":"","background-image":"","background-repeat":"repeat","background-position":"center center","background-size":"auto","background-attachment":"scroll","background-type":"","background-media":"","overlay-type":"","overlay-color":"","overlay-opacity":"","overlay-gradient":""}},"ast-content-background-meta":{"desktop":{"background-color":"var(--ast-global-color-5)","background-image":"","background-repeat":"repeat","background-position":"center center","background-size":"auto","background-attachment":"scroll","background-type":"","background-media":"","overlay-type":"","overlay-color":"","overlay-opacity":"","overlay-gradient":""},"tablet":{"background-color":"var(--ast-global-color-5)","background-image":"","background-repeat":"repeat","background-position":"center center","background-size":"auto","background-attachment":"scroll","background-type":"","background-media":"","overlay-type":"","overlay-color":"","overlay-opacity":"","overlay-gradient":""},"mobile":{"background-color":"var(--ast-global-color-5)","background-image":"","background-repeat":"repeat","background-position":"center center","background-size":"auto","background-attachment":"scroll","background-type":"","background-media":"","overlay-type":"","overlay-color":"","overlay-opacity":"","overlay-gradient":""}},"footnotes":""},"class_list":["post-1484","page","type-page","status-publish","hentry"],"_links":{"self":[{"href":"https:\/\/akfaelektrik.az\/en\/wp-json\/wp\/v2\/pages\/1484","targetHints":{"allow":["GET"]}}],"collection":[{"href":"https:\/\/akfaelektrik.az\/en\/wp-json\/wp\/v2\/pages"}],"about":[{"href":"https:\/\/akfaelektrik.az\/en\/wp-json\/wp\/v2\/types\/page"}],"author":[{"embeddable":true,"href":"https:\/\/akfaelektrik.az\/en\/wp-json\/wp\/v2\/users\/1"}],"replies":[{"embeddable":true,"href":"https:\/\/akfaelektrik.az\/en\/wp-json\/wp\/v2\/comments?post=1484"}],"version-history":[{"count":7,"href":"https:\/\/akfaelektrik.az\/en\/wp-json\/wp\/v2\/pages\/1484\/revisions"}],"predecessor-version":[{"id":1701,"href":"https:\/\/akfaelektrik.az\/en\/wp-json\/wp\/v2\/pages\/1484\/revisions\/1701"}],"up":[{"embeddable":true,"href":"https:\/\/akfaelektrik.az\/en\/wp-json\/wp\/v2\/pages\/162"}],"wp:attachment":[{"href":"https:\/\/akfaelektrik.az\/en\/wp-json\/wp\/v2\/media?parent=1484"}],"curies":[{"name":"wp","href":"https:\/\/api.w.org\/{rel}","templated":true}]}}