{"id":1486,"date":"2022-05-14T14:51:34","date_gmt":"2022-05-14T10:51:34","guid":{"rendered":"https:\/\/akfa.upturnlab.com\/?page_id=1486"},"modified":"2022-05-18T14:13:57","modified_gmt":"2022-05-18T10:13:57","slug":"soyuq-hava-depo-kompleksi","status":"publish","type":"page","link":"https:\/\/akfaelektrik.az\/ru\/projects\/soyuq-hava-depo-kompleksi\/","title":{"rendered":"\u041a\u043e\u043c\u043f\u043b\u0435\u043a\u0441 \u0434\u0435\u043f\u043e \u0445\u043e\u043b\u043e\u0434\u043d\u043e\u0433\u043e \u0432\u043e\u0437\u0434\u0443\u0445\u0430"},"content":{"rendered":"<div data-elementor-type=\"wp-page\" data-elementor-id=\"1486\" class=\"elementor elementor-1486\">\n\t\t\t\t\t\t<section class=\"elementor-section elementor-top-section elementor-element elementor-element-93fb97b elementor-section-boxed elementor-section-height-default elementor-section-height-default\" data-id=\"93fb97b\" data-element_type=\"section\">\n\t\t\t\t\t\t<div class=\"elementor-container elementor-column-gap-default\">\n\t\t\t\t\t<div class=\"elementor-column elementor-col-50 elementor-top-column elementor-element elementor-element-263c6e34\" data-id=\"263c6e34\" data-element_type=\"column\">\n\t\t\t<div class=\"elementor-widget-wrap elementor-element-populated\">\n\t\t\t\t\t\t<div class=\"elementor-element elementor-element-1b687b68 elementor-widget elementor-widget-text-editor\" data-id=\"1b687b68\" data-element_type=\"widget\" data-widget_type=\"text-editor.default\">\n\t\t\t\t<div class=\"elementor-widget-container\">\n\t\t\t\t\t\t\t\t\t<h2><span style=\"color: #000000;\">\u041a\u043e\u043c\u043f\u043b\u0435\u043a\u0441 \u0434\u0435\u043f\u043e \u0445\u043e\u043b\u043e\u0434\u043d\u043e\u0433\u043e \u0432\u043e\u0437\u0434\u0443\u0445\u0430 <\/span><\/h2><p><span style=\"color: #000000;\">\u041f\u043e\u0434\u0433\u043e\u0442\u043e\u0432\u043a\u0430 \u043f\u0440\u043e\u0435\u043a\u0442\u043e\u0432 \u0443\u0441\u0442\u0430\u043d\u043e\u0432\u043a\u0438<\/span><\/p><p><span style=\"color: #000000;\">2500 \u043a\u0412\u0410 10 \u043a\u0412 \/ 0,4 \u043a\u0412 2 \u0442\u0440\u0430\u043d\u0441\u0444\u043e\u0440\u043c\u0430\u0442\u043e\u0440\u0430 \u0417\u0430\u043f\u0443\u0441\u043a<\/span><\/p><p><span style=\"color: #000000;\">\u041f\u0440\u043e\u043a\u043b\u0430\u0434\u043a\u0430 \u043a\u0430\u0431\u0435\u043b\u0435\u0439 10 \u043a\u0412 \u0438 0,4 \u043a\u0412<\/span><\/p><p><span style=\"color: #000000;\">\u041c\u043e\u043d\u0442\u0430\u0436 \u0413\u0420\u0429 0,4 \u043a\u0412<\/span><\/p><p><span style=\"color: #000000;\">\u0412\u0432\u043e\u0434 \u0432 \u044d\u043a\u0441\u043f\u043b\u0443\u0430\u0442\u0430\u0446\u0438\u044e \u0433\u0435\u043d\u0435\u0440\u0430\u0442\u043e\u0440\u043e\u0432 1000 \u043a\u0412\u0410, 450 \u043a\u0412\u0410<\/span><\/p><p><span style=\"color: #000000;\">\u0423\u0441\u0442\u0430\u043d\u043e\u0432\u043a\u0430 \u0440\u0430\u0441\u043f\u0440\u0435\u0434\u0435\u043b\u0438\u0442\u0435\u043b\u044f \u043d\u0438\u0437\u043a\u043e\u0433\u043e \u043d\u0430\u043f\u0440\u044f\u0436\u0435\u043d\u0438\u044f<\/span><\/p><p><span style=\"color: #000000;\">\u0423\u0441\u0442\u0430\u043d\u043e\u0432\u043a\u0430 \u043e\u0441\u0432\u0435\u0449\u0435\u043d\u0438\u044f \u0438 \u0440\u043e\u0437\u0435\u0442\u043e\u043a<\/span><\/p><p><span style=\"color: #000000;\">\u041a\u0430\u0431\u0435\u043b\u044c\u043d\u044b\u0435 \u043d\u0435\u0441\u0443\u0449\u0438\u0435 \u0441\u0438\u0441\u0442\u0435\u043c\u044b<\/span><\/p><p><span style=\"color: #000000;\">\u0423\u0441\u0442\u0430\u043d\u043e\u0432\u043a\u0430 \u0441\u0438\u0441\u0442\u0435\u043c \u043e\u0431\u043d\u0430\u0440\u0443\u0436\u0435\u043d\u0438\u044f \u0438 \u043e\u043f\u043e\u0432\u0435\u0449\u0435\u043d\u0438\u044f \u043e \u043f\u043e\u0436\u0430\u0440\u0435<\/span><\/p><p><span style=\"color: #000000;\">\u0423\u0441\u0442\u0430\u043d\u043e\u0432\u043a\u0430 \u0441\u0438\u0441\u0442\u0435\u043c \u0432\u0438\u0434\u0435\u043e\u043d\u0430\u0431\u043b\u044e\u0434\u0435\u043d\u0438\u044f<\/span><\/p><p><span style=\"color: #000000;\">\u0421\u0438\u0441\u0442\u0435\u043c\u0430 \u0440\u0430\u0441\u043f\u0440\u0435\u0434\u0435\u043b\u0435\u043d\u0438\u044f \u0441\u043f\u0443\u0442\u043d\u0438\u043a\u043e\u0432\u043e\u0433\u043e \u0442\u0435\u043b\u0435\u0432\u0438\u0434\u0435\u043d\u0438\u044f<\/span><\/p>\t\t\t\t\t\t\t\t<\/div>\n\t\t\t\t<\/div>\n\t\t\t\t\t<\/div>\n\t\t<\/div>\n\t\t\t\t<div class=\"elementor-column elementor-col-50 elementor-top-column elementor-element elementor-element-6f3629a9\" data-id=\"6f3629a9\" data-element_type=\"column\">\n\t\t\t<div class=\"elementor-widget-wrap elementor-element-populated\">\n\t\t\t\t\t\t<div class=\"elementor-element elementor-element-2e492ed1 elementor-arrows-position-inside elementor-pagination-position-outside elementor-widget elementor-widget-image-carousel\" data-id=\"2e492ed1\" data-element_type=\"widget\" data-settings=\"{&quot;slides_to_show&quot;:&quot;1&quot;,&quot;navigation&quot;:&quot;both&quot;,&quot;autoplay&quot;:&quot;yes&quot;,&quot;pause_on_hover&quot;:&quot;yes&quot;,&quot;pause_on_interaction&quot;:&quot;yes&quot;,&quot;autoplay_speed&quot;:5000,&quot;infinite&quot;:&quot;yes&quot;,&quot;effect&quot;:&quot;slide&quot;,&quot;speed&quot;:500}\" data-widget_type=\"image-carousel.default\">\n\t\t\t\t<div class=\"elementor-widget-container\">\n\t\t\t\t\t\t\t<div class=\"elementor-image-carousel-wrapper swiper\" role=\"region\" aria-roledescription=\"carousel\" aria-label=\"\u041a\u0430\u0440\u0443\u0441\u0435\u043b\u044c\" dir=\"ltr\">\n\t\t\t<div class=\"elementor-image-carousel swiper-wrapper\" aria-live=\"off\">\n\t\t\t\t\t\t\t\t<div class=\"swiper-slide\" role=\"group\" aria-roledescription=\"slide\" aria-label=\"1 \u0438\u0437 4\"><figure class=\"swiper-slide-inner\"><img decoding=\"async\" class=\"swiper-slide-image\" src=\"https:\/\/akfaelektrik.az\/wp-content\/uploads\/2022\/05\/1-1-1.jpg\" alt=\"1 (1)\" \/><\/figure><\/div><div class=\"swiper-slide\" role=\"group\" aria-roledescription=\"slide\" aria-label=\"2 \u0438\u0437 4\"><figure class=\"swiper-slide-inner\"><img decoding=\"async\" class=\"swiper-slide-image\" src=\"https:\/\/akfaelektrik.az\/wp-content\/uploads\/2022\/05\/2-2.jpg\" alt=\"2\" \/><\/figure><\/div><div class=\"swiper-slide\" role=\"group\" aria-roledescription=\"slide\" aria-label=\"3 \u0438\u0437 4\"><figure class=\"swiper-slide-inner\"><img decoding=\"async\" class=\"swiper-slide-image\" src=\"https:\/\/akfaelektrik.az\/wp-content\/uploads\/2022\/05\/3-2.jpg\" alt=\"3\" \/><\/figure><\/div><div class=\"swiper-slide\" role=\"group\" aria-roledescription=\"slide\" aria-label=\"4 \u0438\u0437 4\"><figure class=\"swiper-slide-inner\"><img decoding=\"async\" class=\"swiper-slide-image\" src=\"https:\/\/akfaelektrik.az\/wp-content\/uploads\/2022\/05\/4-3.jpg\" alt=\"4\" \/><\/figure><\/div>\t\t\t<\/div>\n\t\t\t\t\t\t\t\t\t\t\t\t<div class=\"elementor-swiper-button elementor-swiper-button-prev\" role=\"button\" tabindex=\"0\">\n\t\t\t\t\t\t<i aria-hidden=\"true\" class=\"eicon-chevron-left\"><\/i>\t\t\t\t\t<\/div>\n\t\t\t\t\t<div class=\"elementor-swiper-button elementor-swiper-button-next\" role=\"button\" tabindex=\"0\">\n\t\t\t\t\t\t<i aria-hidden=\"true\" class=\"eicon-chevron-right\"><\/i>\t\t\t\t\t<\/div>\n\t\t\t\t\n\t\t\t\t\t\t\t\t\t<div class=\"swiper-pagination\"><\/div>\n\t\t\t\t\t\t\t\t\t<\/div>\n\t\t\t\t\t\t<\/div>\n\t\t\t\t<\/div>\n\t\t\t\t\t<\/div>\n\t\t<\/div>\n\t\t\t\t\t<\/div>\n\t\t<\/section>\n\t\t\t\t<\/div>","protected":false},"excerpt":{"rendered":"<p>Soyuq Hava Depo Kompleksi Qura\u015fd\u0131rma Layih\u0259l\u0259rinin Haz\u0131rlanmas\u0131 2500 kVA 10 kV\/0,4 kV 2 \u0259d\u0259d Transformatorlar\u0131n I\u015f\u0259 Sal\u0131nmas\u0131 10 kV v\u0259 0,4 kV Kabell\u0259rin \u00c7\u0259kilm\u0259si 0,4 kV-lik \u018fsas Paylay\u0131c\u0131 Panell\u0259rin Qura\u015fd\u0131r\u0131lmas\u0131 1000 kVA , 450 kVA Generatorlar\u0131n \u0130stismara Verilm\u0259si A\u015fa\u011f\u0131 G\u0259rginlikli Paylay\u0131c\u0131 Qura\u015fd\u0131rma \u0130\u015f\u0131qland\u0131rma v\u0259 Rozetkalar\u0131n Qura\u015fd\u0131r\u0131lmas\u0131 Kabel Da\u015f\u0131y\u0131c\u0131 Sisteml\u0259ri Yan\u011f\u0131n A\u015fkarlama v\u0259 X\u0259b\u0259rdarl\u0131q Sisteml\u0259rinin Qura\u015fd\u0131r\u0131lmas\u0131 [&hellip;]<\/p>","protected":false},"author":1,"featured_media":0,"parent":162,"menu_order":0,"comment_status":"closed","ping_status":"closed","template":"","meta":{"site-sidebar-layout":"no-sidebar","site-content-layout":"page-builder","ast-site-content-layout":"","site-content-style":"default","site-sidebar-style":"default","ast-global-header-display":"","ast-banner-title-visibility":"","ast-main-header-display":"","ast-hfb-above-header-display":"","ast-hfb-below-header-display":"","ast-hfb-mobile-header-display":"","site-post-title":"disabled","ast-breadcrumbs-content":"","ast-featured-img":"disabled","footer-sml-layout":"","theme-transparent-header-meta":"default","adv-header-id-meta":"","stick-header-meta":"","header-above-stick-meta":"","header-main-stick-meta":"","header-below-stick-meta":"","astra-migrate-meta-layouts":"default","ast-page-background-enabled":"default","ast-page-background-meta":{"desktop":{"background-color":"","background-image":"","background-repeat":"repeat","background-position":"center center","background-size":"auto","background-attachment":"scroll","background-type":"","background-media":"","overlay-type":"","overlay-color":"","overlay-opacity":"","overlay-gradient":""},"tablet":{"background-color":"","background-image":"","background-repeat":"repeat","background-position":"center center","background-size":"auto","background-attachment":"scroll","background-type":"","background-media":"","overlay-type":"","overlay-color":"","overlay-opacity":"","overlay-gradient":""},"mobile":{"background-color":"","background-image":"","background-repeat":"repeat","background-position":"center center","background-size":"auto","background-attachment":"scroll","background-type":"","background-media":"","overlay-type":"","overlay-color":"","overlay-opacity":"","overlay-gradient":""}},"ast-content-background-meta":{"desktop":{"background-color":"var(--ast-global-color-5)","background-image":"","background-repeat":"repeat","background-position":"center center","background-size":"auto","background-attachment":"scroll","background-type":"","background-media":"","overlay-type":"","overlay-color":"","overlay-opacity":"","overlay-gradient":""},"tablet":{"background-color":"var(--ast-global-color-5)","background-image":"","background-repeat":"repeat","background-position":"center center","background-size":"auto","background-attachment":"scroll","background-type":"","background-media":"","overlay-type":"","overlay-color":"","overlay-opacity":"","overlay-gradient":""},"mobile":{"background-color":"var(--ast-global-color-5)","background-image":"","background-repeat":"repeat","background-position":"center center","background-size":"auto","background-attachment":"scroll","background-type":"","background-media":"","overlay-type":"","overlay-color":"","overlay-opacity":"","overlay-gradient":""}},"footnotes":""},"class_list":["post-1486","page","type-page","status-publish","hentry"],"_links":{"self":[{"href":"https:\/\/akfaelektrik.az\/ru\/wp-json\/wp\/v2\/pages\/1486","targetHints":{"allow":["GET"]}}],"collection":[{"href":"https:\/\/akfaelektrik.az\/ru\/wp-json\/wp\/v2\/pages"}],"about":[{"href":"https:\/\/akfaelektrik.az\/ru\/wp-json\/wp\/v2\/types\/page"}],"author":[{"embeddable":true,"href":"https:\/\/akfaelektrik.az\/ru\/wp-json\/wp\/v2\/users\/1"}],"replies":[{"embeddable":true,"href":"https:\/\/akfaelektrik.az\/ru\/wp-json\/wp\/v2\/comments?post=1486"}],"version-history":[{"count":7,"href":"https:\/\/akfaelektrik.az\/ru\/wp-json\/wp\/v2\/pages\/1486\/revisions"}],"predecessor-version":[{"id":1708,"href":"https:\/\/akfaelektrik.az\/ru\/wp-json\/wp\/v2\/pages\/1486\/revisions\/1708"}],"up":[{"embeddable":true,"href":"https:\/\/akfaelektrik.az\/ru\/wp-json\/wp\/v2\/pages\/162"}],"wp:attachment":[{"href":"https:\/\/akfaelektrik.az\/ru\/wp-json\/wp\/v2\/media?parent=1486"}],"curies":[{"name":"wp","href":"https:\/\/api.w.org\/{rel}","templated":true}]}}