{"id":635,"date":"2022-04-29T13:58:48","date_gmt":"2022-04-29T09:58:48","guid":{"rendered":"https:\/\/akfa.upturnlab.com\/?page_id=635"},"modified":"2022-05-18T17:09:31","modified_gmt":"2022-05-18T13:09:31","slug":"elektrik","status":"publish","type":"page","link":"https:\/\/akfaelektrik.az\/ru\/about\/elektrik\/","title":{"rendered":"\u042d\u043b\u0435\u043a\u0442\u0440\u0438\u043a\u0430"},"content":{"rendered":"<div data-elementor-type=\"wp-page\" data-elementor-id=\"635\" class=\"elementor elementor-635\">\n\t\t\t\t\t\t<section class=\"elementor-section elementor-top-section elementor-element elementor-element-473e01e elementor-section-boxed elementor-section-height-default elementor-section-height-default\" data-id=\"473e01e\" data-element_type=\"section\">\n\t\t\t\t\t\t<div class=\"elementor-container elementor-column-gap-default\">\n\t\t\t\t\t<div class=\"elementor-column elementor-col-100 elementor-top-column elementor-element elementor-element-8e9be34\" data-id=\"8e9be34\" data-element_type=\"column\">\n\t\t\t<div class=\"elementor-widget-wrap elementor-element-populated\">\n\t\t\t\t\t\t<div class=\"elementor-element elementor-element-d374df6 elementor-widget elementor-widget-heading\" data-id=\"d374df6\" data-element_type=\"widget\" data-widget_type=\"heading.default\">\n\t\t\t\t<div class=\"elementor-widget-container\">\n\t\t\t\t\t<h4 class=\"elementor-heading-title elementor-size-default\">\u0423\u0414\u041e\u0412\u041b\u0415\u0422\u0412\u041e\u0420\u0415\u041d\u0418\u0415 \u041e\u0411\u0421\u041b\u0423\u0416\u0418\u0412\u0410\u0415\u041c\u042b\u0425 \u041a\u041b\u0418\u0415\u041d\u0422\u041e\u0412 \u0418 \u0414\u041e\u0412\u0415\u0420\u0418\u0415 \u041f\u0410\u0420\u0422\u041d\u0415\u0420\u041e\u0412 \u2013 \u041d\u0410\u0428\u0415 \u0413\u041b\u0410\u0412\u041d\u042b\u0419 \u0414\u041e\u0421\u0422\u0418\u0416\u0415\u041d\u0418\u0415!<\/h4>\t\t\t\t<\/div>\n\t\t\t\t<\/div>\n\t\t\t\t\t<\/div>\n\t\t<\/div>\n\t\t\t\t\t<\/div>\n\t\t<\/section>\n\t\t\t\t<section class=\"elementor-section elementor-top-section elementor-element elementor-element-0a1945f elementor-section-boxed elementor-section-height-default elementor-section-height-default\" data-id=\"0a1945f\" data-element_type=\"section\">\n\t\t\t\t\t\t<div class=\"elementor-container elementor-column-gap-default\">\n\t\t\t\t\t<div class=\"elementor-column elementor-col-50 elementor-top-column elementor-element elementor-element-3bc9523\" data-id=\"3bc9523\" data-element_type=\"column\">\n\t\t\t<div class=\"elementor-widget-wrap elementor-element-populated\">\n\t\t\t\t\t\t<div class=\"elementor-element elementor-element-1941d1d elementor-widget elementor-widget-image\" data-id=\"1941d1d\" data-element_type=\"widget\" data-widget_type=\"image.default\">\n\t\t\t\t<div class=\"elementor-widget-container\">\n\t\t\t\t\t\t\t\t\t\t\t\t\t\t\t<img fetchpriority=\"high\" decoding=\"async\" width=\"1024\" height=\"457\" src=\"https:\/\/akfaelektrik.az\/wp-content\/uploads\/2022\/05\/kj-banner1-1024x457.jpg\" class=\"attachment-large size-large wp-image-1631\" alt=\"\" srcset=\"https:\/\/akfaelektrik.az\/wp-content\/uploads\/2022\/05\/kj-banner1-1024x457.jpg 1024w, https:\/\/akfaelektrik.az\/wp-content\/uploads\/2022\/05\/kj-banner1-300x134.jpg 300w, https:\/\/akfaelektrik.az\/wp-content\/uploads\/2022\/05\/kj-banner1-768x343.jpg 768w, https:\/\/akfaelektrik.az\/wp-content\/uploads\/2022\/05\/kj-banner1-1536x686.jpg 1536w, https:\/\/akfaelektrik.az\/wp-content\/uploads\/2022\/05\/kj-banner1.jpg 1800w\" sizes=\"(max-width: 1024px) 100vw, 1024px\" \/>\t\t\t\t\t\t\t\t\t\t\t\t\t\t\t<\/div>\n\t\t\t\t<\/div>\n\t\t\t\t<div class=\"elementor-element elementor-element-c70bf57 elementor-widget elementor-widget-text-editor\" data-id=\"c70bf57\" data-element_type=\"widget\" data-widget_type=\"text-editor.default\">\n\t\t\t\t<div class=\"elementor-widget-container\">\n\t\t\t\t\t\t\t\t\t<ul><li><span style=\"color: #000000;\">\u0421\u0438\u0441\u0442\u0435\u043c\u044b \u0443\u043f\u0440\u0430\u0432\u043b\u0435\u043d\u0438\u044f \u043e\u0441\u0432\u0435\u0449\u0435\u043d\u0438\u0435\u043c<\/span><\/li><li><span style=\"color: #000000;\">\u0421\u0438\u0441\u0442\u0435\u043c\u044b \u0430\u0432\u0442\u043e\u043c\u0430\u0442\u0438\u0437\u0430\u0446\u0438\u0438 \u0437\u0434\u0430\u043d\u0438\u0439<\/span><\/li><li><span style=\"color: #000000;\">\u0422\u0435\u043b\u0435\u0444\u043e\u043d\u043d\u044b\u0435 \u0438 \u0438\u043d\u0444\u043e\u0440\u043c\u0430\u0446\u0438\u043e\u043d\u043d\u044b\u0435 \u0441\u0438\u0441\u0442\u0435\u043c\u044b<\/span><\/li><li><span style=\"color: #000000;\">\u0421\u0438\u0441\u0442\u0435\u043c\u044b \u043e\u0431\u043d\u0430\u0440\u0443\u0436\u0435\u043d\u0438\u044f \u043f\u043e\u0436\u0430\u0440\u0430 \u0438 \u0441\u0438\u0433\u043d\u0430\u043b\u0438\u0437\u0430\u0446\u0438\u0438<\/span><\/li><li><span style=\"color: #000000;\">\u0417\u0432\u0443\u043a\u043e\u0432\u044b\u0435 \u0438 \u0437\u0432\u0443\u043a\u043e\u0432\u044b\u0435 \u0441\u0438\u0441\u0442\u0435\u043c\u044b \u0441\u0438\u0433\u043d\u0430\u043b\u0438\u0437\u0430\u0446\u0438\u0438<\/span><\/li><li><span style=\"color: #000000;\">\u0417\u0430\u043c\u043a\u043d\u0443\u0442\u044b\u0435 \u0442\u0435\u043b\u0435\u0432\u0438\u0437\u0438\u043e\u043d\u043d\u044b\u0435 \u0441\u0438\u0441\u0442\u0435\u043c\u044b (CCTV)<\/span><\/li><li><span style=\"color: #000000;\">\u0421\u0438\u0441\u0442\u0435\u043c\u044b \u0441\u0438\u0433\u043d\u0430\u043b\u0438\u0437\u0430\u0446\u0438\u0438 \u0438 \u0431\u0435\u0437\u043e\u043f\u0430\u0441\u043d\u043e\u0441\u0442\u0438<\/span><\/li><li><span style=\"color: #000000;\">\u041a\u0430\u0440\u0442\u043e\u0447\u043d\u044b\u0439 \u0434\u043e\u0441\u0442\u0443\u043f \u0438 \u0441\u0438\u0441\u0442\u0435\u043c\u044b \u043a\u043e\u043d\u0442\u0440\u043e\u043b\u044f<\/span><\/li><li><span style=\"color: #000000;\">\u0426\u0435\u043d\u0442\u0440\u0430\u043b\u044c\u043d\u044b\u0435 \u0441\u043f\u0443\u0442\u043d\u0438\u043a\u043e\u0432\u044b\u0435 \u0440\u0430\u0441\u043f\u0440\u0435\u0434\u0435\u043b\u0438\u0442\u0435\u043b\u044c\u043d\u044b\u0435 \u0441\u0438\u0441\u0442\u0435\u043c\u044b (SMATV)<\/span><\/li><li><span style=\"color: #000000;\">\u0414\u043e\u043c\u043e\u0444\u043e\u043d\u043d\u044b\u0435 \u0441\u0438\u0441\u0442\u0435\u043c\u044b<\/span><\/li><li><span style=\"color: #000000;\">\u0426\u0435\u043d\u0442\u0440\u0430\u043b\u044c\u043d\u044b\u0435 \u0447\u0430\u0441\u043e\u0432\u044b\u0435 \u0441\u0438\u0441\u0442\u0435\u043c\u044b<\/span><\/li><li><span style=\"color: #000000;\">\u0421\u0438\u0441\u0442\u0435\u043c\u044b \u0432\u044b\u0437\u043e\u0432\u0430 \u043c\u0435\u0434\u0441\u0435\u0441\u0442\u0440\u044b<\/span><\/li><li><span style=\"color: #000000;\">\u041f\u0430\u0440\u043a\u043e\u0432\u043e\u0447\u043d\u044b\u0435 \u0441\u0438\u0441\u0442\u0435\u043c\u044b<\/span><\/li><li><span style=\"color: #000000;\">\u041f\u043b\u043e\u0445\u0438\u0435 \u0442\u0435\u043a\u0443\u0449\u0438\u0435 \u043a\u0430\u0431\u0435\u043b\u0438 \u0438\u043d\u0444\u0440\u0430\u0441\u0442\u0440\u0443\u043a\u0442\u0443\u0440\u044b \u0441\u0438\u0441\u0442\u0435\u043c\u044b<\/span><\/li><li><span style=\"color: #000000;\">\u0421\u0445\u0435\u043c\u0430 \u043f\u0440\u0438\u043c\u0435\u043d\u0435\u043d\u0438\u044f \u0438 \u0443\u0441\u0442\u0430\u043d\u043e\u0432\u043a\u0438<\/span><\/li><\/ul>\t\t\t\t\t\t\t\t<\/div>\n\t\t\t\t<\/div>\n\t\t\t\t\t<\/div>\n\t\t<\/div>\n\t\t\t\t<div class=\"elementor-column elementor-col-50 elementor-top-column elementor-element elementor-element-65d122a\" data-id=\"65d122a\" data-element_type=\"column\">\n\t\t\t<div class=\"elementor-widget-wrap elementor-element-populated\">\n\t\t\t\t\t\t<div class=\"elementor-element elementor-element-670aad5 elementor-widget elementor-widget-text-editor\" data-id=\"670aad5\" data-element_type=\"widget\" data-widget_type=\"text-editor.default\">\n\t\t\t\t<div class=\"elementor-widget-container\">\n\t\t\t\t\t\t\t\t\t<ul><li><span style=\"color: #000000;\">\u0423\u0441\u0442\u0430\u043d\u043e\u0432\u043a\u0430 \u043e\u0441\u0432\u0435\u0449\u0435\u043d\u0438\u044f \u0438 \u0440\u043e\u0437\u0435\u0442\u043e\u043a<\/span><\/li><li><span style=\"color: #000000;\">\u0423\u0441\u0442\u0440\u043e\u0439\u0441\u0442\u0432\u0430 \u043f\u0438\u0442\u0430\u043d\u0438\u044f \u043c\u0435\u0445\u0430\u043d\u0438\u0447\u0435\u0441\u043a\u0438\u0445 \u0443\u0441\u0442\u0440\u043e\u0439\u0441\u0442\u0432<\/span><\/li><li><span style=\"color: #000000;\">\u041a\u0430\u0431\u0435\u043b\u044c\u043d\u044b\u0435 \u0442\u0440\u0430\u043d\u0441\u043f\u043e\u0440\u0442\u043d\u044b\u0435 \u0441\u0438\u0441\u0442\u0435\u043c\u044b<\/span><\/li><li><span style=\"color: #000000;\">\u0428\u0438\u043d\u043e\u043f\u0440\u043e\u0432\u043e\u0434\u043d\u0430\u044f \u0441\u0438\u0441\u0442\u0435\u043c\u0430 \u0440\u0430\u0441\u043f\u0440\u0435\u0434\u0435\u043b\u0435\u043d\u0438\u044f<\/span><\/li><li><span style=\"color: #000000;\">\u0420\u0430\u0441\u043f\u0440\u0435\u0434\u0435\u043b\u0438\u0442\u0435\u043b\u044c\u043d\u044b\u0435 \u043f\u0440\u043e\u0432\u043e\u0434\u0430 \u043d\u0438\u0437\u043a\u043e\u0433\u043e \u043d\u0430\u043f\u0440\u044f\u0436\u0435\u043d\u0438\u044f<\/span><\/li><li><span style=\"color: #000000;\">\u041f\u0430\u043d\u0435\u043b\u0438 \u0438 \u0440\u0430\u0441\u043f\u0440\u0435\u0434\u0435\u043b\u0438\u0442\u0435\u043b\u044c\u043d\u043e\u0435 \u0443\u0441\u0442\u0440\u043e\u0439\u0441\u0442\u0432\u043e<\/span><\/li><li><span style=\"color: #000000;\">\u0421\u0438\u0441\u0442\u0435\u043c\u044b \u043a\u043e\u043c\u043f\u0435\u043d\u0441\u0430\u0446\u0438\u0438<\/span><\/li><li><span style=\"color: #000000;\">UPS, \u0433\u0435\u043d\u0435\u0440\u0430\u0442\u043e\u0440 \u0438 \u0441\u0438\u0441\u0442\u0435\u043c\u044b \u0440\u0435\u0433\u0443\u043b\u0438\u0440\u043e\u0432\u0430\u043d\u0438\u044f<\/span><\/li><li><span style=\"color: #000000;\">\u0417\u0430\u0437\u0435\u043c\u043b\u044f\u044e\u0449\u0438\u0435 \u0443\u0441\u0442\u0440\u043e\u0439\u0441\u0442\u0432\u0430<\/span><\/li><li><span style=\"color: #000000;\">\u0423\u0441\u0442\u0440\u043e\u0439\u0441\u0442\u0432\u0430 \u043c\u043e\u043b\u043d\u0438\u0435\u0437\u0430\u0449\u0438\u0442\u044b<\/span><\/li><li><span style=\"color: #000000;\">\u0423\u0441\u0442\u0430\u043d\u043e\u0432\u043a\u0430 \u0438\u043d\u0444\u0440\u0430\u0441\u0442\u0440\u0443\u043a\u0442\u0443\u0440\u044b \u043c\u0435\u0434\u0438\u0446\u0438\u043d\u0441\u043a\u043e\u0433\u043e \u043e\u0431\u043e\u0440\u0443\u0434\u043e\u0432\u0430\u043d\u0438\u044f<\/span><\/li><li><span style=\"color: #000000;\">\u0421\u0432\u0435\u0442\u0438\u043b\u044c\u043d\u0438\u043a\u0438 \u0444\u0430\u0441\u0430\u0434\u043d\u043e\u0433\u043e \u0438 \u044d\u043a\u043e\u043b\u043e\u0433\u0438\u0447\u0435\u0441\u043a\u043e\u0433\u043e \u043e\u0441\u0432\u0435\u0449\u0435\u043d\u0438\u044f<\/span><\/li><li><span style=\"color: #000000;\">\u041c\u043e\u043d\u0442\u0430\u0436 \u043f\u043e\u0434\u0441\u0442\u0430\u043d\u0446\u0438\u0438<\/span><\/li><li><span style=\"color: #000000;\">\u0423\u043c\u043d\u044b\u0435 \u0441\u0442\u0440\u043e\u0438\u0442\u0435\u043b\u044c\u043d\u044b\u0435 \u0441\u0438\u0441\u0442\u0435\u043c\u044b<\/span><\/li><li><span style=\"color: #000000;\">\u0421\u0445\u0435\u043c\u0430 \u043f\u0440\u0438\u043c\u0435\u043d\u0435\u043d\u0438\u044f \u0438 \u0443\u0441\u0442\u0430\u043d\u043e\u0432\u043a\u0438<\/span><\/li><\/ul>\t\t\t\t\t\t\t\t<\/div>\n\t\t\t\t<\/div>\n\t\t\t\t\t<\/div>\n\t\t<\/div>\n\t\t\t\t\t<\/div>\n\t\t<\/section>\n\t\t\t\t<section class=\"elementor-section elementor-top-section elementor-element elementor-element-9ad3210 elementor-section-boxed elementor-section-height-default elementor-section-height-default\" data-id=\"9ad3210\" data-element_type=\"section\">\n\t\t\t\t\t\t<div class=\"elementor-container elementor-column-gap-default\">\n\t\t\t\t\t<div class=\"elementor-column elementor-col-100 elementor-top-column elementor-element elementor-element-ec86358\" data-id=\"ec86358\" data-element_type=\"column\">\n\t\t\t<div class=\"elementor-widget-wrap elementor-element-populated\">\n\t\t\t\t\t\t<div class=\"elementor-element elementor-element-7fffd19 gallery-spacing-custom elementor-widget elementor-widget-image-gallery\" data-id=\"7fffd19\" data-element_type=\"widget\" data-widget_type=\"image-gallery.default\">\n\t\t\t\t<div class=\"elementor-widget-container\">\n\t\t\t\t\t\t\t<div class=\"elementor-image-gallery\">\n\t\t\t<div id='gallery-1' class='gallery galleryid-635 gallery-columns-3 gallery-size-medium'><figure class='gallery-item'>\n\t\t\t<div class='gallery-icon landscape'>\n\t\t\t\t<a data-elementor-open-lightbox=\"yes\" data-elementor-lightbox-slideshow=\"7fffd19\" data-elementor-lightbox-title=\"Spark_onsite\" data-e-action-hash=\"#elementor-action%3Aaction%3Dlightbox%26settings%3DeyJpZCI6MTYyMywidXJsIjoiaHR0cHM6XC9cL2FrZmFlbGVrdHJpay5helwvd3AtY29udGVudFwvdXBsb2Fkc1wvMjAyMlwvMDVcL1NwYXJrX29uc2l0ZS5qcGciLCJzbGlkZXNob3ciOiI3ZmZmZDE5In0%3D\" href='https:\/\/akfaelektrik.az\/wp-content\/uploads\/2022\/05\/Spark_onsite.jpg'><img decoding=\"async\" width=\"300\" height=\"200\" src=\"https:\/\/akfaelektrik.az\/wp-content\/uploads\/2022\/05\/Spark_onsite-300x200.jpg\" class=\"attachment-medium size-medium\" alt=\"\" srcset=\"https:\/\/akfaelektrik.az\/wp-content\/uploads\/2022\/05\/Spark_onsite-300x200.jpg 300w, https:\/\/akfaelektrik.az\/wp-content\/uploads\/2022\/05\/Spark_onsite-768x513.jpg 768w, https:\/\/akfaelektrik.az\/wp-content\/uploads\/2022\/05\/Spark_onsite.jpg 782w\" sizes=\"(max-width: 300px) 100vw, 300px\" \/><\/a>\n\t\t\t<\/div><\/figure><figure class='gallery-item'>\n\t\t\t<div class='gallery-icon landscape'>\n\t\t\t\t<a data-elementor-open-lightbox=\"yes\" data-elementor-lightbox-slideshow=\"7fffd19\" data-elementor-lightbox-title=\"handsome electrician checking electrical box with multimetr in corridor\" data-e-action-hash=\"#elementor-action%3Aaction%3Dlightbox%26settings%3DeyJpZCI6MTYyNCwidXJsIjoiaHR0cHM6XC9cL2FrZmFlbGVrdHJpay5helwvd3AtY29udGVudFwvdXBsb2Fkc1wvMjAyMlwvMDVcLzExMDg5OTIwOV9zLTIuanBnIiwic2xpZGVzaG93IjoiN2ZmZmQxOSJ9\" href='https:\/\/akfaelektrik.az\/wp-content\/uploads\/2022\/05\/110899209_s-2.jpg'><img decoding=\"async\" width=\"300\" height=\"200\" src=\"https:\/\/akfaelektrik.az\/wp-content\/uploads\/2022\/05\/110899209_s-2-300x200.jpg\" class=\"attachment-medium size-medium\" alt=\"\" srcset=\"https:\/\/akfaelektrik.az\/wp-content\/uploads\/2022\/05\/110899209_s-2-300x200.jpg 300w, https:\/\/akfaelektrik.az\/wp-content\/uploads\/2022\/05\/110899209_s-2-768x512.jpg 768w, https:\/\/akfaelektrik.az\/wp-content\/uploads\/2022\/05\/110899209_s-2.jpg 847w\" sizes=\"(max-width: 300px) 100vw, 300px\" \/><\/a>\n\t\t\t<\/div><\/figure><figure class='gallery-item'>\n\t\t\t<div class='gallery-icon landscape'>\n\t\t\t\t<a data-elementor-open-lightbox=\"yes\" data-elementor-lightbox-slideshow=\"7fffd19\" data-elementor-lightbox-title=\"Special1\" data-e-action-hash=\"#elementor-action%3Aaction%3Dlightbox%26settings%3DeyJpZCI6MTYyNSwidXJsIjoiaHR0cHM6XC9cL2FrZmFlbGVrdHJpay5helwvd3AtY29udGVudFwvdXBsb2Fkc1wvMjAyMlwvMDVcL1NwZWNpYWwxLmpwZyIsInNsaWRlc2hvdyI6IjdmZmZkMTkifQ%3D%3D\" href='https:\/\/akfaelektrik.az\/wp-content\/uploads\/2022\/05\/Special1.jpg'><img loading=\"lazy\" decoding=\"async\" width=\"300\" height=\"175\" src=\"https:\/\/akfaelektrik.az\/wp-content\/uploads\/2022\/05\/Special1-300x175.jpg\" class=\"attachment-medium size-medium\" alt=\"\" srcset=\"https:\/\/akfaelektrik.az\/wp-content\/uploads\/2022\/05\/Special1-300x175.jpg 300w, https:\/\/akfaelektrik.az\/wp-content\/uploads\/2022\/05\/Special1-1024x598.jpg 1024w, https:\/\/akfaelektrik.az\/wp-content\/uploads\/2022\/05\/Special1-768x448.jpg 768w, https:\/\/akfaelektrik.az\/wp-content\/uploads\/2022\/05\/Special1.jpg 1201w\" sizes=\"(max-width: 300px) 100vw, 300px\" \/><\/a>\n\t\t\t<\/div><\/figure><figure class='gallery-item'>\n\t\t\t<div class='gallery-icon landscape'>\n\t\t\t\t<a data-elementor-open-lightbox=\"yes\" data-elementor-lightbox-slideshow=\"7fffd19\" data-elementor-lightbox-title=\"electrician at work\" data-e-action-hash=\"#elementor-action%3Aaction%3Dlightbox%26settings%3DeyJpZCI6MTYyNiwidXJsIjoiaHR0cHM6XC9cL2FrZmFlbGVrdHJpay5helwvd3AtY29udGVudFwvdXBsb2Fkc1wvMjAyMlwvMDVcL2VsZWN0cmljaWFuLWF0LXdvcmsuanBlZyIsInNsaWRlc2hvdyI6IjdmZmZkMTkifQ%3D%3D\" href='https:\/\/akfaelektrik.az\/wp-content\/uploads\/2022\/05\/electrician-at-work.jpeg'><img loading=\"lazy\" decoding=\"async\" width=\"300\" height=\"200\" src=\"https:\/\/akfaelektrik.az\/wp-content\/uploads\/2022\/05\/electrician-at-work-300x200.jpeg\" class=\"attachment-medium size-medium\" alt=\"\" srcset=\"https:\/\/akfaelektrik.az\/wp-content\/uploads\/2022\/05\/electrician-at-work-300x200.jpeg 300w, https:\/\/akfaelektrik.az\/wp-content\/uploads\/2022\/05\/electrician-at-work-768x512.jpeg 768w, https:\/\/akfaelektrik.az\/wp-content\/uploads\/2022\/05\/electrician-at-work.jpeg 810w\" sizes=\"(max-width: 300px) 100vw, 300px\" \/><\/a>\n\t\t\t<\/div><\/figure><figure class='gallery-item'>\n\t\t\t<div class='gallery-icon landscape'>\n\t\t\t\t<a data-elementor-open-lightbox=\"yes\" data-elementor-lightbox-slideshow=\"7fffd19\" data-elementor-lightbox-title=\"electrician-training\" data-e-action-hash=\"#elementor-action%3Aaction%3Dlightbox%26settings%3DeyJpZCI6MTYyNywidXJsIjoiaHR0cHM6XC9cL2FrZmFlbGVrdHJpay5helwvd3AtY29udGVudFwvdXBsb2Fkc1wvMjAyMlwvMDVcL2VsZWN0cmljaWFuLXRyYWluaW5nLmpwZyIsInNsaWRlc2hvdyI6IjdmZmZkMTkifQ%3D%3D\" href='https:\/\/akfaelektrik.az\/wp-content\/uploads\/2022\/05\/electrician-training.jpg'><img loading=\"lazy\" decoding=\"async\" width=\"300\" height=\"200\" src=\"https:\/\/akfaelektrik.az\/wp-content\/uploads\/2022\/05\/electrician-training-300x200.jpg\" class=\"attachment-medium size-medium\" alt=\"\" srcset=\"https:\/\/akfaelektrik.az\/wp-content\/uploads\/2022\/05\/electrician-training-300x200.jpg 300w, https:\/\/akfaelektrik.az\/wp-content\/uploads\/2022\/05\/electrician-training.jpg 724w\" sizes=\"(max-width: 300px) 100vw, 300px\" \/><\/a>\n\t\t\t<\/div><\/figure><figure class='gallery-item'>\n\t\t\t<div class='gallery-icon landscape'>\n\t\t\t\t<a data-elementor-open-lightbox=\"yes\" data-elementor-lightbox-slideshow=\"7fffd19\" data-elementor-lightbox-title=\"Electrician installer with a tool in his hands, working with cable on the construction site.\" data-e-action-hash=\"#elementor-action%3Aaction%3Dlightbox%26settings%3DeyJpZCI6MTYyOCwidXJsIjoiaHR0cHM6XC9cL2FrZmFlbGVrdHJpay5helwvd3AtY29udGVudFwvdXBsb2Fkc1wvMjAyMlwvMDVcL0lNR180MzY1LTIuanBnIiwic2xpZGVzaG93IjoiN2ZmZmQxOSJ9\" href='https:\/\/akfaelektrik.az\/wp-content\/uploads\/2022\/05\/IMG_4365-2.jpg'><img loading=\"lazy\" decoding=\"async\" width=\"300\" height=\"232\" src=\"https:\/\/akfaelektrik.az\/wp-content\/uploads\/2022\/05\/IMG_4365-2-300x232.jpg\" class=\"attachment-medium size-medium\" alt=\"\" srcset=\"https:\/\/akfaelektrik.az\/wp-content\/uploads\/2022\/05\/IMG_4365-2-300x232.jpg 300w, https:\/\/akfaelektrik.az\/wp-content\/uploads\/2022\/05\/IMG_4365-2.jpg 590w\" sizes=\"(max-width: 300px) 100vw, 300px\" \/><\/a>\n\t\t\t<\/div><\/figure><figure class='gallery-item'>\n\t\t\t<div class='gallery-icon landscape'>\n\t\t\t\t<a data-elementor-open-lightbox=\"yes\" data-elementor-lightbox-slideshow=\"7fffd19\" data-elementor-lightbox-title=\"istockphoto-1268557129-612x612\" data-e-action-hash=\"#elementor-action%3Aaction%3Dlightbox%26settings%3DeyJpZCI6MTYzMCwidXJsIjoiaHR0cHM6XC9cL2FrZmFlbGVrdHJpay5helwvd3AtY29udGVudFwvdXBsb2Fkc1wvMjAyMlwvMDVcL2lzdG9ja3Bob3RvLTEyNjg1NTcxMjktNjEyeDYxMi0xLmpwZyIsInNsaWRlc2hvdyI6IjdmZmZkMTkifQ%3D%3D\" href='https:\/\/akfaelektrik.az\/wp-content\/uploads\/2022\/05\/istockphoto-1268557129-612x612-1.jpg'><img loading=\"lazy\" decoding=\"async\" width=\"300\" height=\"200\" src=\"https:\/\/akfaelektrik.az\/wp-content\/uploads\/2022\/05\/istockphoto-1268557129-612x612-1-300x200.jpg\" class=\"attachment-medium size-medium\" alt=\"\" srcset=\"https:\/\/akfaelektrik.az\/wp-content\/uploads\/2022\/05\/istockphoto-1268557129-612x612-1-300x200.jpg 300w, https:\/\/akfaelektrik.az\/wp-content\/uploads\/2022\/05\/istockphoto-1268557129-612x612-1.jpg 612w\" sizes=\"(max-width: 300px) 100vw, 300px\" \/><\/a>\n\t\t\t<\/div><\/figure><figure class='gallery-item'>\n\t\t\t<div class='gallery-icon landscape'>\n\t\t\t\t<a data-elementor-open-lightbox=\"yes\" data-elementor-lightbox-slideshow=\"7fffd19\" data-elementor-lightbox-title=\"office-electrical-work-500x500\" data-e-action-hash=\"#elementor-action%3Aaction%3Dlightbox%26settings%3DeyJpZCI6MTYzMiwidXJsIjoiaHR0cHM6XC9cL2FrZmFlbGVrdHJpay5helwvd3AtY29udGVudFwvdXBsb2Fkc1wvMjAyMlwvMDVcL29mZmljZS1lbGVjdHJpY2FsLXdvcmstNTAweDUwMC0xLmpwZyIsInNsaWRlc2hvdyI6IjdmZmZkMTkifQ%3D%3D\" href='https:\/\/akfaelektrik.az\/wp-content\/uploads\/2022\/05\/office-electrical-work-500x500-1.jpg'><img loading=\"lazy\" decoding=\"async\" width=\"300\" height=\"225\" src=\"https:\/\/akfaelektrik.az\/wp-content\/uploads\/2022\/05\/office-electrical-work-500x500-1-300x225.jpg\" class=\"attachment-medium size-medium\" alt=\"\" srcset=\"https:\/\/akfaelektrik.az\/wp-content\/uploads\/2022\/05\/office-electrical-work-500x500-1-300x225.jpg 300w, https:\/\/akfaelektrik.az\/wp-content\/uploads\/2022\/05\/office-electrical-work-500x500-1.jpg 500w\" sizes=\"(max-width: 300px) 100vw, 300px\" \/><\/a>\n\t\t\t<\/div><\/figure><figure class='gallery-item'>\n\t\t\t<div class='gallery-icon landscape'>\n\t\t\t\t<a data-elementor-open-lightbox=\"yes\" data-elementor-lightbox-slideshow=\"7fffd19\" data-elementor-lightbox-title=\"Residential-Elect-Blog-102021\" data-e-action-hash=\"#elementor-action%3Aaction%3Dlightbox%26settings%3DeyJpZCI6MTYzMywidXJsIjoiaHR0cHM6XC9cL2FrZmFlbGVrdHJpay5helwvd3AtY29udGVudFwvdXBsb2Fkc1wvMjAyMlwvMDVcL1Jlc2lkZW50aWFsLUVsZWN0LUJsb2ctMTAyMDIxLmpwZyIsInNsaWRlc2hvdyI6IjdmZmZkMTkifQ%3D%3D\" href='https:\/\/akfaelektrik.az\/wp-content\/uploads\/2022\/05\/Residential-Elect-Blog-102021.jpg'><img loading=\"lazy\" decoding=\"async\" width=\"300\" height=\"184\" src=\"https:\/\/akfaelektrik.az\/wp-content\/uploads\/2022\/05\/Residential-Elect-Blog-102021-300x184.jpg\" class=\"attachment-medium size-medium\" alt=\"\" srcset=\"https:\/\/akfaelektrik.az\/wp-content\/uploads\/2022\/05\/Residential-Elect-Blog-102021-300x184.jpg 300w, https:\/\/akfaelektrik.az\/wp-content\/uploads\/2022\/05\/Residential-Elect-Blog-102021.jpg 352w\" sizes=\"(max-width: 300px) 100vw, 300px\" \/><\/a>\n\t\t\t<\/div><\/figure>\n\t\t<\/div>\n\t\t<\/div>\n\t\t\t\t\t\t<\/div>\n\t\t\t\t<\/div>\n\t\t\t\t\t<\/div>\n\t\t<\/div>\n\t\t\t\t\t<\/div>\n\t\t<\/section>\n\t\t\t\t<\/div>","protected":false},"excerpt":{"rendered":"<p>X\u0130DM\u018fT G\u00d6ST\u018fRD\u0130Y\u0130M\u0130Z M\u00dc\u015eT\u018fR\u0130L\u018fR\u0130N M\u018fMNUN\u0130YY\u018fT\u0130 V\u018f \u0130\u015e G\u00d6RD\u00dcY\u00dcM\u00dcZ T\u018fR\u018fFDA\u015eLARIMIZIN ET\u0130BARI B\u0130Z\u0130M BA\u015eLICA NA\u0130LYY\u018fT\u0130M\u0130ZD\u0130R! \u0130\u015f\u0131qland\u0131rmaya n\u0259zar\u0259t sisteml\u0259ri Binalar\u0131n avtomatla\u015fd\u0131r\u0131lmas\u0131 sisteml\u0259ri Telefon v\u0259 m\u0259lumat sisteml\u0259ri Yan\u011f\u0131n a\u015fkarlama v\u0259 siqnalizasiya sisteml\u0259ri S\u0259sli v\u0259 s\u0259sli siqnalizasiya sisteml\u0259ri Qapal\u0131 D\u00f6vr\u0259li Televiziya Sisteml\u0259ri (CCTV) O\u011furluq siqnal\u0131 v\u0259 t\u0259hl\u00fck\u0259sizlik sisteml\u0259ri Kartla giri\u015f v\u0259 n\u0259zar\u0259t sisteml\u0259ri M\u0259rk\u0259zi peyk paylama sisteml\u0259ri (SMATV) \u0130nterkom sisteml\u0259ri M\u0259rk\u0259zi [&hellip;]<\/p>","protected":false},"author":1,"featured_media":0,"parent":119,"menu_order":0,"comment_status":"closed","ping_status":"closed","template":"","meta":{"site-sidebar-layout":"no-sidebar","site-content-layout":"page-builder","ast-site-content-layout":"","site-content-style":"default","site-sidebar-style":"default","ast-global-header-display":"","ast-banner-title-visibility":"","ast-main-header-display":"","ast-hfb-above-header-display":"","ast-hfb-below-header-display":"","ast-hfb-mobile-header-display":"","site-post-title":"disabled","ast-breadcrumbs-content":"","ast-featured-img":"disabled","footer-sml-layout":"","theme-transparent-header-meta":"disabled","adv-header-id-meta":"","stick-header-meta":"","header-above-stick-meta":"","header-main-stick-meta":"","header-below-stick-meta":"","astra-migrate-meta-layouts":"default","ast-page-background-enabled":"default","ast-page-background-meta":{"desktop":{"background-color":"","background-image":"","background-repeat":"repeat","background-position":"center center","background-size":"auto","background-attachment":"scroll","background-type":"","background-media":"","overlay-type":"","overlay-color":"","overlay-opacity":"","overlay-gradient":""},"tablet":{"background-color":"","background-image":"","background-repeat":"repeat","background-position":"center center","background-size":"auto","background-attachment":"scroll","background-type":"","background-media":"","overlay-type":"","overlay-color":"","overlay-opacity":"","overlay-gradient":""},"mobile":{"background-color":"","background-image":"","background-repeat":"repeat","background-position":"center center","background-size":"auto","background-attachment":"scroll","background-type":"","background-media":"","overlay-type":"","overlay-color":"","overlay-opacity":"","overlay-gradient":""}},"ast-content-background-meta":{"desktop":{"background-color":"var(--ast-global-color-5)","background-image":"","background-repeat":"repeat","background-position":"center center","background-size":"auto","background-attachment":"scroll","background-type":"","background-media":"","overlay-type":"","overlay-color":"","overlay-opacity":"","overlay-gradient":""},"tablet":{"background-color":"var(--ast-global-color-5)","background-image":"","background-repeat":"repeat","background-position":"center center","background-size":"auto","background-attachment":"scroll","background-type":"","background-media":"","overlay-type":"","overlay-color":"","overlay-opacity":"","overlay-gradient":""},"mobile":{"background-color":"var(--ast-global-color-5)","background-image":"","background-repeat":"repeat","background-position":"center center","background-size":"auto","background-attachment":"scroll","background-type":"","background-media":"","overlay-type":"","overlay-color":"","overlay-opacity":"","overlay-gradient":""}},"footnotes":""},"class_list":["post-635","page","type-page","status-publish","hentry"],"_links":{"self":[{"href":"https:\/\/akfaelektrik.az\/ru\/wp-json\/wp\/v2\/pages\/635","targetHints":{"allow":["GET"]}}],"collection":[{"href":"https:\/\/akfaelektrik.az\/ru\/wp-json\/wp\/v2\/pages"}],"about":[{"href":"https:\/\/akfaelektrik.az\/ru\/wp-json\/wp\/v2\/types\/page"}],"author":[{"embeddable":true,"href":"https:\/\/akfaelektrik.az\/ru\/wp-json\/wp\/v2\/users\/1"}],"replies":[{"embeddable":true,"href":"https:\/\/akfaelektrik.az\/ru\/wp-json\/wp\/v2\/comments?post=635"}],"version-history":[{"count":44,"href":"https:\/\/akfaelektrik.az\/ru\/wp-json\/wp\/v2\/pages\/635\/revisions"}],"predecessor-version":[{"id":1943,"href":"https:\/\/akfaelektrik.az\/ru\/wp-json\/wp\/v2\/pages\/635\/revisions\/1943"}],"up":[{"embeddable":true,"href":"https:\/\/akfaelektrik.az\/ru\/wp-json\/wp\/v2\/pages\/119"}],"wp:attachment":[{"href":"https:\/\/akfaelektrik.az\/ru\/wp-json\/wp\/v2\/media?parent=635"}],"curies":[{"name":"wp","href":"https:\/\/api.w.org\/{rel}","templated":true}]}}